{"id":927,"date":"2019-04-18T11:07:31","date_gmt":"2019-04-18T11:07:31","guid":{"rendered":"https:\/\/envothemes.com\/envo-ecommerce\/my-account\/"},"modified":"2019-04-18T11:07:31","modified_gmt":"2019-04-18T11:07:31","slug":"my-account","status":"publish","type":"page","link":"https:\/\/www.xn--bazarmarc-j4a.com\/wordpress\/index.php\/my-account\/","title":{"rendered":"My account"},"content":{"rendered":"<div class=\"woocommerce\"><\/div>\n","protected":false},"excerpt":{"rendered":"","protected":false},"author":2,"featured_media":0,"parent":0,"menu_order":0,"comment_status":"closed","ping_status":"closed","template":"","meta":{"footnotes":""},"class_list":["post-927","page","type-page","status-publish","hentry"],"yoast_head":"<!-- This site is optimized with the Yoast SEO plugin v27.3 - https:\/\/yoast.com\/product\/yoast-seo-wordpress\/ -->\n<title>My account - Bazar Marc\u00e9 - Tu estilo, tu esencia<\/title>\n<meta name=\"robots\" content=\"index, follow, max-snippet:-1, max-image-preview:large, max-video-preview:-1\" \/>\n<link rel=\"canonical\" href=\"https:\/\/www.xn--bazarmarc-j4a.com\/wordpress\/index.php\/my-account\/\" \/>\n<meta property=\"og:locale\" content=\"es_ES\" \/>\n<meta property=\"og:type\" content=\"article\" \/>\n<meta property=\"og:title\" content=\"My account - Bazar Marc\u00e9 - Tu estilo, tu esencia\" \/>\n<meta property=\"og:url\" content=\"https:\/\/www.xn--bazarmarc-j4a.com\/wordpress\/index.php\/my-account\/\" \/>\n<meta property=\"og:site_name\" content=\"Bazar Marc\u00e9 - Tu estilo, tu esencia\" \/>\n<meta property=\"article:publisher\" content=\"https:\/\/www.facebook.com\/share\/16DsU4uxZJ\/yoast\" \/>\n<meta name=\"twitter:card\" content=\"summary_large_image\" \/>\n<script type=\"application\/ld+json\" class=\"yoast-schema-graph\">{\"@context\":\"https:\\\/\\\/schema.org\",\"@graph\":[{\"@type\":\"WebPage\",\"@id\":\"https:\\\/\\\/www.xn--bazarmarc-j4a.com\\\/wordpress\\\/index.php\\\/my-account\\\/\",\"url\":\"https:\\\/\\\/www.xn--bazarmarc-j4a.com\\\/wordpress\\\/index.php\\\/my-account\\\/\",\"name\":\"My account - Bazar Marc\u00e9 - Tu estilo, tu esencia\",\"isPartOf\":{\"@id\":\"https:\\\/\\\/www.xn--bazarmarc-j4a.com\\\/wordpress\\\/#website\"},\"datePublished\":\"2019-04-18T11:07:31+00:00\",\"breadcrumb\":{\"@id\":\"https:\\\/\\\/www.xn--bazarmarc-j4a.com\\\/wordpress\\\/index.php\\\/my-account\\\/#breadcrumb\"},\"inLanguage\":\"es\",\"potentialAction\":[{\"@type\":\"ReadAction\",\"target\":[\"https:\\\/\\\/www.xn--bazarmarc-j4a.com\\\/wordpress\\\/index.php\\\/my-account\\\/\"]}]},{\"@type\":\"BreadcrumbList\",\"@id\":\"https:\\\/\\\/www.xn--bazarmarc-j4a.com\\\/wordpress\\\/index.php\\\/my-account\\\/#breadcrumb\",\"itemListElement\":[{\"@type\":\"ListItem\",\"position\":1,\"name\":\"Portada\",\"item\":\"https:\\\/\\\/www.xn--bazarmarc-j4a.com\\\/wordpress\\\/\"},{\"@type\":\"ListItem\",\"position\":2,\"name\":\"My account\"}]},{\"@type\":\"WebSite\",\"@id\":\"https:\\\/\\\/www.xn--bazarmarc-j4a.com\\\/wordpress\\\/#website\",\"url\":\"https:\\\/\\\/www.xn--bazarmarc-j4a.com\\\/wordpress\\\/\",\"name\":\"Bazar Marc\u00e9 - Tu estilo, tu esencia\",\"description\":\"Bazar Marc\u00e9 es una tienda especializada en calzado artesanal femenino, vestidos, carteras, bolsos y accesorios, con presencia f\u00edsica y venta online\",\"publisher\":{\"@id\":\"https:\\\/\\\/www.xn--bazarmarc-j4a.com\\\/wordpress\\\/#organization\"},\"potentialAction\":[{\"@type\":\"SearchAction\",\"target\":{\"@type\":\"EntryPoint\",\"urlTemplate\":\"https:\\\/\\\/www.xn--bazarmarc-j4a.com\\\/wordpress\\\/?s={search_term_string}\"},\"query-input\":{\"@type\":\"PropertyValueSpecification\",\"valueRequired\":true,\"valueName\":\"search_term_string\"}}],\"inLanguage\":\"es\"},{\"@type\":\"Organization\",\"@id\":\"https:\\\/\\\/www.xn--bazarmarc-j4a.com\\\/wordpress\\\/#organization\",\"name\":\"Bazar Marc\u00e9 - Tu estilo, tu esencia\",\"url\":\"https:\\\/\\\/www.xn--bazarmarc-j4a.com\\\/wordpress\\\/\",\"logo\":{\"@type\":\"ImageObject\",\"inLanguage\":\"es\",\"@id\":\"https:\\\/\\\/www.xn--bazarmarc-j4a.com\\\/wordpress\\\/#\\\/schema\\\/logo\\\/image\\\/\",\"url\":\"\",\"contentUrl\":\"\",\"caption\":\"Bazar Marc\u00e9 - Tu estilo, tu esencia\"},\"image\":{\"@id\":\"https:\\\/\\\/www.xn--bazarmarc-j4a.com\\\/wordpress\\\/#\\\/schema\\\/logo\\\/image\\\/\"},\"sameAs\":[\"https:\\\/\\\/www.facebook.com\\\/share\\\/16DsU4uxZJ\\\/yoast\",\"https:\\\/\\\/chat.whatsapp.com\\\/BjksvxT0S5w6PkXt85Y5Bb\\\/yoast\"]}]}<\/script>\n<!-- \/ Yoast SEO plugin. -->","yoast_head_json":{"title":"My account - Bazar Marc\u00e9 - Tu estilo, tu esencia","robots":{"index":"index","follow":"follow","max-snippet":"max-snippet:-1","max-image-preview":"max-image-preview:large","max-video-preview":"max-video-preview:-1"},"canonical":"https:\/\/www.xn--bazarmarc-j4a.com\/wordpress\/index.php\/my-account\/","og_locale":"es_ES","og_type":"article","og_title":"My account - Bazar Marc\u00e9 - Tu estilo, tu esencia","og_url":"https:\/\/www.xn--bazarmarc-j4a.com\/wordpress\/index.php\/my-account\/","og_site_name":"Bazar Marc\u00e9 - Tu estilo, tu esencia","article_publisher":"https:\/\/www.facebook.com\/share\/16DsU4uxZJ\/yoast","twitter_card":"summary_large_image","schema":{"@context":"https:\/\/schema.org","@graph":[{"@type":"WebPage","@id":"https:\/\/www.xn--bazarmarc-j4a.com\/wordpress\/index.php\/my-account\/","url":"https:\/\/www.xn--bazarmarc-j4a.com\/wordpress\/index.php\/my-account\/","name":"My account - Bazar Marc\u00e9 - Tu estilo, tu esencia","isPartOf":{"@id":"https:\/\/www.xn--bazarmarc-j4a.com\/wordpress\/#website"},"datePublished":"2019-04-18T11:07:31+00:00","breadcrumb":{"@id":"https:\/\/www.xn--bazarmarc-j4a.com\/wordpress\/index.php\/my-account\/#breadcrumb"},"inLanguage":"es","potentialAction":[{"@type":"ReadAction","target":["https:\/\/www.xn--bazarmarc-j4a.com\/wordpress\/index.php\/my-account\/"]}]},{"@type":"BreadcrumbList","@id":"https:\/\/www.xn--bazarmarc-j4a.com\/wordpress\/index.php\/my-account\/#breadcrumb","itemListElement":[{"@type":"ListItem","position":1,"name":"Portada","item":"https:\/\/www.xn--bazarmarc-j4a.com\/wordpress\/"},{"@type":"ListItem","position":2,"name":"My account"}]},{"@type":"WebSite","@id":"https:\/\/www.xn--bazarmarc-j4a.com\/wordpress\/#website","url":"https:\/\/www.xn--bazarmarc-j4a.com\/wordpress\/","name":"Bazar Marc\u00e9 - Tu estilo, tu esencia","description":"Bazar Marc\u00e9 es una tienda especializada en calzado artesanal femenino, vestidos, carteras, bolsos y accesorios, con presencia f\u00edsica y venta online","publisher":{"@id":"https:\/\/www.xn--bazarmarc-j4a.com\/wordpress\/#organization"},"potentialAction":[{"@type":"SearchAction","target":{"@type":"EntryPoint","urlTemplate":"https:\/\/www.xn--bazarmarc-j4a.com\/wordpress\/?s={search_term_string}"},"query-input":{"@type":"PropertyValueSpecification","valueRequired":true,"valueName":"search_term_string"}}],"inLanguage":"es"},{"@type":"Organization","@id":"https:\/\/www.xn--bazarmarc-j4a.com\/wordpress\/#organization","name":"Bazar Marc\u00e9 - Tu estilo, tu esencia","url":"https:\/\/www.xn--bazarmarc-j4a.com\/wordpress\/","logo":{"@type":"ImageObject","inLanguage":"es","@id":"https:\/\/www.xn--bazarmarc-j4a.com\/wordpress\/#\/schema\/logo\/image\/","url":"","contentUrl":"","caption":"Bazar Marc\u00e9 - Tu estilo, tu esencia"},"image":{"@id":"https:\/\/www.xn--bazarmarc-j4a.com\/wordpress\/#\/schema\/logo\/image\/"},"sameAs":["https:\/\/www.facebook.com\/share\/16DsU4uxZJ\/yoast","https:\/\/chat.whatsapp.com\/BjksvxT0S5w6PkXt85Y5Bb\/yoast"]}]}},"_links":{"self":[{"href":"https:\/\/www.xn--bazarmarc-j4a.com\/wordpress\/index.php\/wp-json\/wp\/v2\/pages\/927","targetHints":{"allow":["GET"]}}],"collection":[{"href":"https:\/\/www.xn--bazarmarc-j4a.com\/wordpress\/index.php\/wp-json\/wp\/v2\/pages"}],"about":[{"href":"https:\/\/www.xn--bazarmarc-j4a.com\/wordpress\/index.php\/wp-json\/wp\/v2\/types\/page"}],"author":[{"embeddable":true,"href":"https:\/\/www.xn--bazarmarc-j4a.com\/wordpress\/index.php\/wp-json\/wp\/v2\/users\/2"}],"replies":[{"embeddable":true,"href":"https:\/\/www.xn--bazarmarc-j4a.com\/wordpress\/index.php\/wp-json\/wp\/v2\/comments?post=927"}],"version-history":[{"count":0,"href":"https:\/\/www.xn--bazarmarc-j4a.com\/wordpress\/index.php\/wp-json\/wp\/v2\/pages\/927\/revisions"}],"wp:attachment":[{"href":"https:\/\/www.xn--bazarmarc-j4a.com\/wordpress\/index.php\/wp-json\/wp\/v2\/media?parent=927"}],"curies":[{"name":"wp","href":"https:\/\/api.w.org\/{rel}","templated":true}]}}