{"id":933,"date":"2019-04-18T11:08:43","date_gmt":"2019-04-18T11:08:43","guid":{"rendered":"https:\/\/envothemes.com\/envo-ecommerce\/product\/import-placeholder-for-49\/"},"modified":"2019-04-18T11:08:43","modified_gmt":"2019-04-18T11:08:43","slug":"polo-t-shirt","status":"publish","type":"product","link":"https:\/\/www.xn--bazarmarc-j4a.com\/wordpress\/index.php\/producto\/polo-t-shirt\/","title":{"rendered":"Polo T-shirt"},"content":{"rendered":"<p>Pellentesque habitant morbi tristique senectus et netus et malesuada fames ac turpis egestas. Vestibulum tortor quam, feugiat vitae, ultricies eget, tempor sit amet, ante. Donec eu libero sit amet quam egestas semper. Aenean ultricies mi vitae est. Mauris placerat eleifend leo.\u00a0Nulla accumsan, elit sit amet varius semper, nulla mauris mollis quam, tempor suscipit diam nulla vel leo. Mauris elementum mauris vitae tortor. Curabitur sagittis hendrerit ante. Suspendisse sagittis ultrices augue. Aliquam ante. Ut tempus purus at lorem. Donec iaculis gravida nulla. Etiam bibendum elit eget erat. Curabitur bibendum justo non orci. Cras elementum. In dapibus augue non sapien. Morbi imperdiet, mauris ac auctor dictum, nisl ligula egestas nulla, et sollicitudin sem purus in lacus. Praesent dapibus. Nemo enim ipsam voluptatem quia voluptas sit aspernatur aut odit aut fugit, sed quia consequuntur magni dolores eos qui ratione voluptatem sequi nesciunt. Aenean vel massa quis mauris vehicula lacinia. Nullam at arcu a est sollicitudin euismod.<\/p>\n<p>Nulla accumsan, elit sit amet varius semper, nulla mauris mollis quam, tempor suscipit diam nulla vel leo. Mauris elementum mauris vitae tortor. Curabitur sagittis hendrerit ante. Suspendisse sagittis ultrices augue. Aliquam ante. Ut tempus purus at lorem. Donec iaculis gravida nulla. Etiam bibendum elit eget erat. Curabitur bibendum justo non orci. Cras elementum. In dapibus augue non sapien. Morbi imperdiet, mauris ac auctor dictum, nisl ligula egestas nulla, et sollicitudin sem purus in lacus. Praesent dapibus. Nemo enim ipsam voluptatem quia voluptas sit aspernatur aut odit aut fugit, sed quia consequuntur magni dolores eos qui ratione voluptatem sequi nesciunt. Aenean vel massa quis mauris vehicula lacinia. Nullam at arcu a est sollicitudin euismod.<\/p>\n","protected":false},"excerpt":{"rendered":"<p>This is a simple product.<\/p>\n<p>Nulla pulvinar eleifend sem. Sed vel lectus. Donec odio tempus molestie, porttitor ut, iaculis quis, sem. Mauris metus. Curabitur vitae diam non enim vestibulum interdum. Aenean id metus id velit ullamcorper pulvinar. Etiam sapien elit, consequat eget, tristique non, venenatis quis, ante. Integer vulputate sem a nibh rutrum consequat.<\/p>\n","protected":false},"featured_media":768,"comment_status":"open","ping_status":"closed","template":"","meta":[],"product_brand":[],"product_cat":[23,28],"product_tag":[],"class_list":{"0":"post-933","1":"product","2":"type-product","3":"status-publish","4":"has-post-thumbnail","6":"product_cat-clothing","7":"product_cat-womens-clothing","9":"first","10":"outofstock","11":"shipping-taxable","12":"purchasable","13":"product-type-variable","14":"has-default-attributes"},"yoast_head":"<!-- This site is optimized with the Yoast SEO plugin v27.3 - https:\/\/yoast.com\/product\/yoast-seo-wordpress\/ -->\n<title>Polo T-shirt - Bazar Marc\u00e9 - Tu estilo, tu esencia<\/title>\n<meta name=\"robots\" content=\"index, follow, max-snippet:-1, max-image-preview:large, max-video-preview:-1\" \/>\n<link rel=\"canonical\" href=\"https:\/\/www.xn--bazarmarc-j4a.com\/wordpress\/index.php\/producto\/polo-t-shirt\/\" \/>\n<meta property=\"og:locale\" content=\"es_ES\" \/>\n<meta property=\"og:type\" content=\"article\" \/>\n<meta property=\"og:title\" content=\"Polo T-shirt - Bazar Marc\u00e9 - Tu estilo, tu esencia\" \/>\n<meta property=\"og:description\" content=\"This is a simple product. Nulla pulvinar eleifend sem. Sed vel lectus. Donec odio tempus molestie, porttitor ut, iaculis quis, sem. Mauris metus. Curabitur vitae diam non enim vestibulum interdum. Aenean id metus id velit ullamcorper pulvinar. Etiam sapien elit, consequat eget, tristique non, venenatis quis, ante. Integer vulputate sem a nibh rutrum consequat.\" \/>\n<meta property=\"og:url\" content=\"https:\/\/www.xn--bazarmarc-j4a.com\/wordpress\/index.php\/producto\/polo-t-shirt\/\" \/>\n<meta property=\"og:site_name\" content=\"Bazar Marc\u00e9 - Tu estilo, tu esencia\" \/>\n<meta property=\"article:publisher\" content=\"https:\/\/www.facebook.com\/share\/16DsU4uxZJ\/yoast\" \/>\n<meta name=\"twitter:card\" content=\"summary_large_image\" \/>\n<meta name=\"twitter:label1\" content=\"Tiempo de lectura\" \/>\n\t<meta name=\"twitter:data1\" content=\"1 minuto\" \/>\n<script type=\"application\/ld+json\" class=\"yoast-schema-graph\">{\"@context\":\"https:\\\/\\\/schema.org\",\"@graph\":[{\"@type\":\"WebPage\",\"@id\":\"https:\\\/\\\/www.xn--bazarmarc-j4a.com\\\/wordpress\\\/index.php\\\/producto\\\/polo-t-shirt\\\/\",\"url\":\"https:\\\/\\\/www.xn--bazarmarc-j4a.com\\\/wordpress\\\/index.php\\\/producto\\\/polo-t-shirt\\\/\",\"name\":\"Polo T-shirt - Bazar Marc\u00e9 - Tu estilo, tu esencia\",\"isPartOf\":{\"@id\":\"https:\\\/\\\/www.xn--bazarmarc-j4a.com\\\/wordpress\\\/#website\"},\"primaryImageOfPage\":{\"@id\":\"https:\\\/\\\/www.xn--bazarmarc-j4a.com\\\/wordpress\\\/index.php\\\/producto\\\/polo-t-shirt\\\/#primaryimage\"},\"image\":{\"@id\":\"https:\\\/\\\/www.xn--bazarmarc-j4a.com\\\/wordpress\\\/index.php\\\/producto\\\/polo-t-shirt\\\/#primaryimage\"},\"thumbnailUrl\":\"\",\"datePublished\":\"2019-04-18T11:08:43+00:00\",\"breadcrumb\":{\"@id\":\"https:\\\/\\\/www.xn--bazarmarc-j4a.com\\\/wordpress\\\/index.php\\\/producto\\\/polo-t-shirt\\\/#breadcrumb\"},\"inLanguage\":\"es\",\"potentialAction\":[{\"@type\":\"ReadAction\",\"target\":[\"https:\\\/\\\/www.xn--bazarmarc-j4a.com\\\/wordpress\\\/index.php\\\/producto\\\/polo-t-shirt\\\/\"]}]},{\"@type\":\"ImageObject\",\"inLanguage\":\"es\",\"@id\":\"https:\\\/\\\/www.xn--bazarmarc-j4a.com\\\/wordpress\\\/index.php\\\/producto\\\/polo-t-shirt\\\/#primaryimage\",\"url\":\"\",\"contentUrl\":\"\"},{\"@type\":\"BreadcrumbList\",\"@id\":\"https:\\\/\\\/www.xn--bazarmarc-j4a.com\\\/wordpress\\\/index.php\\\/producto\\\/polo-t-shirt\\\/#breadcrumb\",\"itemListElement\":[{\"@type\":\"ListItem\",\"position\":1,\"name\":\"Portada\",\"item\":\"https:\\\/\\\/www.xn--bazarmarc-j4a.com\\\/wordpress\\\/\"},{\"@type\":\"ListItem\",\"position\":2,\"name\":\"Shop\",\"item\":\"https:\\\/\\\/www.xn--bazarmarc-j4a.com\\\/wordpress\\\/index.php\\\/shop\\\/\"},{\"@type\":\"ListItem\",\"position\":3,\"name\":\"Polo T-shirt\"}]},{\"@type\":\"WebSite\",\"@id\":\"https:\\\/\\\/www.xn--bazarmarc-j4a.com\\\/wordpress\\\/#website\",\"url\":\"https:\\\/\\\/www.xn--bazarmarc-j4a.com\\\/wordpress\\\/\",\"name\":\"Bazar Marc\u00e9 - Tu estilo, tu esencia\",\"description\":\"Bazar Marc\u00e9 es una tienda especializada en calzado artesanal femenino, vestidos, carteras, bolsos y accesorios, con presencia f\u00edsica y venta online\",\"publisher\":{\"@id\":\"https:\\\/\\\/www.xn--bazarmarc-j4a.com\\\/wordpress\\\/#organization\"},\"potentialAction\":[{\"@type\":\"SearchAction\",\"target\":{\"@type\":\"EntryPoint\",\"urlTemplate\":\"https:\\\/\\\/www.xn--bazarmarc-j4a.com\\\/wordpress\\\/?s={search_term_string}\"},\"query-input\":{\"@type\":\"PropertyValueSpecification\",\"valueRequired\":true,\"valueName\":\"search_term_string\"}}],\"inLanguage\":\"es\"},{\"@type\":\"Organization\",\"@id\":\"https:\\\/\\\/www.xn--bazarmarc-j4a.com\\\/wordpress\\\/#organization\",\"name\":\"Bazar Marc\u00e9 - Tu estilo, tu esencia\",\"url\":\"https:\\\/\\\/www.xn--bazarmarc-j4a.com\\\/wordpress\\\/\",\"logo\":{\"@type\":\"ImageObject\",\"inLanguage\":\"es\",\"@id\":\"https:\\\/\\\/www.xn--bazarmarc-j4a.com\\\/wordpress\\\/#\\\/schema\\\/logo\\\/image\\\/\",\"url\":\"\",\"contentUrl\":\"\",\"caption\":\"Bazar Marc\u00e9 - Tu estilo, tu esencia\"},\"image\":{\"@id\":\"https:\\\/\\\/www.xn--bazarmarc-j4a.com\\\/wordpress\\\/#\\\/schema\\\/logo\\\/image\\\/\"},\"sameAs\":[\"https:\\\/\\\/www.facebook.com\\\/share\\\/16DsU4uxZJ\\\/yoast\",\"https:\\\/\\\/chat.whatsapp.com\\\/BjksvxT0S5w6PkXt85Y5Bb\\\/yoast\"]}]}<\/script>\n<!-- \/ Yoast SEO plugin. -->","yoast_head_json":{"title":"Polo T-shirt - Bazar Marc\u00e9 - Tu estilo, tu esencia","robots":{"index":"index","follow":"follow","max-snippet":"max-snippet:-1","max-image-preview":"max-image-preview:large","max-video-preview":"max-video-preview:-1"},"canonical":"https:\/\/www.xn--bazarmarc-j4a.com\/wordpress\/index.php\/producto\/polo-t-shirt\/","og_locale":"es_ES","og_type":"article","og_title":"Polo T-shirt - Bazar Marc\u00e9 - Tu estilo, tu esencia","og_description":"This is a simple product. Nulla pulvinar eleifend sem. Sed vel lectus. Donec odio tempus molestie, porttitor ut, iaculis quis, sem. Mauris metus. Curabitur vitae diam non enim vestibulum interdum. Aenean id metus id velit ullamcorper pulvinar. Etiam sapien elit, consequat eget, tristique non, venenatis quis, ante. Integer vulputate sem a nibh rutrum consequat.","og_url":"https:\/\/www.xn--bazarmarc-j4a.com\/wordpress\/index.php\/producto\/polo-t-shirt\/","og_site_name":"Bazar Marc\u00e9 - Tu estilo, tu esencia","article_publisher":"https:\/\/www.facebook.com\/share\/16DsU4uxZJ\/yoast","twitter_card":"summary_large_image","twitter_misc":{"Tiempo de lectura":"1 minuto"},"schema":{"@context":"https:\/\/schema.org","@graph":[{"@type":"WebPage","@id":"https:\/\/www.xn--bazarmarc-j4a.com\/wordpress\/index.php\/producto\/polo-t-shirt\/","url":"https:\/\/www.xn--bazarmarc-j4a.com\/wordpress\/index.php\/producto\/polo-t-shirt\/","name":"Polo T-shirt - Bazar Marc\u00e9 - Tu estilo, tu esencia","isPartOf":{"@id":"https:\/\/www.xn--bazarmarc-j4a.com\/wordpress\/#website"},"primaryImageOfPage":{"@id":"https:\/\/www.xn--bazarmarc-j4a.com\/wordpress\/index.php\/producto\/polo-t-shirt\/#primaryimage"},"image":{"@id":"https:\/\/www.xn--bazarmarc-j4a.com\/wordpress\/index.php\/producto\/polo-t-shirt\/#primaryimage"},"thumbnailUrl":"","datePublished":"2019-04-18T11:08:43+00:00","breadcrumb":{"@id":"https:\/\/www.xn--bazarmarc-j4a.com\/wordpress\/index.php\/producto\/polo-t-shirt\/#breadcrumb"},"inLanguage":"es","potentialAction":[{"@type":"ReadAction","target":["https:\/\/www.xn--bazarmarc-j4a.com\/wordpress\/index.php\/producto\/polo-t-shirt\/"]}]},{"@type":"ImageObject","inLanguage":"es","@id":"https:\/\/www.xn--bazarmarc-j4a.com\/wordpress\/index.php\/producto\/polo-t-shirt\/#primaryimage","url":"","contentUrl":""},{"@type":"BreadcrumbList","@id":"https:\/\/www.xn--bazarmarc-j4a.com\/wordpress\/index.php\/producto\/polo-t-shirt\/#breadcrumb","itemListElement":[{"@type":"ListItem","position":1,"name":"Portada","item":"https:\/\/www.xn--bazarmarc-j4a.com\/wordpress\/"},{"@type":"ListItem","position":2,"name":"Shop","item":"https:\/\/www.xn--bazarmarc-j4a.com\/wordpress\/index.php\/shop\/"},{"@type":"ListItem","position":3,"name":"Polo T-shirt"}]},{"@type":"WebSite","@id":"https:\/\/www.xn--bazarmarc-j4a.com\/wordpress\/#website","url":"https:\/\/www.xn--bazarmarc-j4a.com\/wordpress\/","name":"Bazar Marc\u00e9 - Tu estilo, tu esencia","description":"Bazar Marc\u00e9 es una tienda especializada en calzado artesanal femenino, vestidos, carteras, bolsos y accesorios, con presencia f\u00edsica y venta online","publisher":{"@id":"https:\/\/www.xn--bazarmarc-j4a.com\/wordpress\/#organization"},"potentialAction":[{"@type":"SearchAction","target":{"@type":"EntryPoint","urlTemplate":"https:\/\/www.xn--bazarmarc-j4a.com\/wordpress\/?s={search_term_string}"},"query-input":{"@type":"PropertyValueSpecification","valueRequired":true,"valueName":"search_term_string"}}],"inLanguage":"es"},{"@type":"Organization","@id":"https:\/\/www.xn--bazarmarc-j4a.com\/wordpress\/#organization","name":"Bazar Marc\u00e9 - Tu estilo, tu esencia","url":"https:\/\/www.xn--bazarmarc-j4a.com\/wordpress\/","logo":{"@type":"ImageObject","inLanguage":"es","@id":"https:\/\/www.xn--bazarmarc-j4a.com\/wordpress\/#\/schema\/logo\/image\/","url":"","contentUrl":"","caption":"Bazar Marc\u00e9 - Tu estilo, tu esencia"},"image":{"@id":"https:\/\/www.xn--bazarmarc-j4a.com\/wordpress\/#\/schema\/logo\/image\/"},"sameAs":["https:\/\/www.facebook.com\/share\/16DsU4uxZJ\/yoast","https:\/\/chat.whatsapp.com\/BjksvxT0S5w6PkXt85Y5Bb\/yoast"]}]}},"_links":{"self":[{"href":"https:\/\/www.xn--bazarmarc-j4a.com\/wordpress\/index.php\/wp-json\/wp\/v2\/product\/933","targetHints":{"allow":["GET"]}}],"collection":[{"href":"https:\/\/www.xn--bazarmarc-j4a.com\/wordpress\/index.php\/wp-json\/wp\/v2\/product"}],"about":[{"href":"https:\/\/www.xn--bazarmarc-j4a.com\/wordpress\/index.php\/wp-json\/wp\/v2\/types\/product"}],"replies":[{"embeddable":true,"href":"https:\/\/www.xn--bazarmarc-j4a.com\/wordpress\/index.php\/wp-json\/wp\/v2\/comments?post=933"}],"version-history":[{"count":0,"href":"https:\/\/www.xn--bazarmarc-j4a.com\/wordpress\/index.php\/wp-json\/wp\/v2\/product\/933\/revisions"}],"wp:featuredmedia":[{"embeddable":true,"href":"https:\/\/www.xn--bazarmarc-j4a.com\/wordpress\/index.php\/wp-json\/"}],"wp:attachment":[{"href":"https:\/\/www.xn--bazarmarc-j4a.com\/wordpress\/index.php\/wp-json\/wp\/v2\/media?parent=933"}],"wp:term":[{"taxonomy":"product_brand","embeddable":true,"href":"https:\/\/www.xn--bazarmarc-j4a.com\/wordpress\/index.php\/wp-json\/wp\/v2\/product_brand?post=933"},{"taxonomy":"product_cat","embeddable":true,"href":"https:\/\/www.xn--bazarmarc-j4a.com\/wordpress\/index.php\/wp-json\/wp\/v2\/product_cat?post=933"},{"taxonomy":"product_tag","embeddable":true,"href":"https:\/\/www.xn--bazarmarc-j4a.com\/wordpress\/index.php\/wp-json\/wp\/v2\/product_tag?post=933"}],"curies":[{"name":"wp","href":"https:\/\/api.w.org\/{rel}","templated":true}]}}