{"id":936,"date":"2019-04-18T11:08:43","date_gmt":"2019-04-18T11:08:43","guid":{"rendered":"https:\/\/envothemes.com\/envo-ecommerce\/product\/import-placeholder-for-59\/"},"modified":"2019-04-18T11:08:43","modified_gmt":"2019-04-18T11:08:43","slug":"bikini","status":"publish","type":"product","link":"https:\/\/www.xn--bazarmarc-j4a.com\/wordpress\/index.php\/producto\/bikini\/","title":{"rendered":"Bikini"},"content":{"rendered":"<p>Pellentesque habitant morbi tristique senectus et netus et malesuada fames ac turpis egestas. Vestibulum tortor quam, feugiat vitae, ultricies eget, tempor sit amet, ante. Donec eu libero sit amet quam egestas semper. Aenean ultricies mi vitae est. Mauris placerat eleifend leo. Integer vulputate sem a nibh rutrum consequat. Praesent vitae arcu tempor neque lacinia pretium. Etiam dui sem, fermentum vitae, sagittis id, malesuada in, quam. Quisque tincidunt scelerisque libero. Maecenas aliquet accumsan leo. Ut enim ad minim veniam, quis nostrud exercitation ullamco laboris nisi ut aliquip ex ea commodo consequat. Proin mattis lacinia justo. Aenean vel massa quis mauris vehicula lacinia. Praesent id justo in neque elementum ultrices. Donec iaculis gravida nulla. Etiam dui sem, fermentum vitae, sagittis id, malesuada in, quam. Aliquam erat volutpat. Fusce tellus. Duis risus. Nulla est. Etiam ligula pede, sagittis quis, interdum ultricies, scelerisque eu.<\/p>\n<p>Integer vulputate sem a nibh rutrum consequat. Praesent vitae arcu tempor neque lacinia pretium. Etiam dui sem, fermentum vitae, sagittis id, malesuada in, quam. Quisque tincidunt scelerisque libero. Maecenas aliquet accumsan leo. Ut enim ad minim veniam, quis nostrud exercitation ullamco laboris nisi ut aliquip ex ea commodo consequat. Proin mattis lacinia justo. Aenean vel massa quis mauris vehicula lacinia. Praesent id justo in neque elementum ultrices. Donec iaculis gravida nulla. Etiam dui sem, fermentum vitae, sagittis id, malesuada in, quam. Aliquam erat volutpat. Fusce tellus. Duis risus. Nulla est. Etiam ligula pede, sagittis quis, interdum ultricies, scelerisque eu.<\/p>\n","protected":false},"excerpt":{"rendered":"<p>This is a simple product.<\/p>\n<p>Etiam sapien elit, consequat eget, tristique non, venenatis quis, ante. Mauris tincidunt sem sed arcu. Nunc auctor. Mauris dictum facilisis augue. Phasellus faucibus molestie nisl.<\/p>\n","protected":false},"featured_media":766,"comment_status":"open","ping_status":"closed","template":"","meta":[],"product_brand":[],"product_cat":[23,28],"product_tag":[],"class_list":{"0":"post-936","1":"product","2":"type-product","3":"status-publish","4":"has-post-thumbnail","6":"product_cat-clothing","7":"product_cat-womens-clothing","9":"first","10":"instock","11":"sale","12":"shipping-taxable","13":"purchasable","14":"product-type-simple"},"yoast_head":"<!-- This site is optimized with the Yoast SEO plugin v27.3 - https:\/\/yoast.com\/product\/yoast-seo-wordpress\/ -->\n<title>Bikini - Bazar Marc\u00e9 - Tu estilo, tu esencia<\/title>\n<meta name=\"robots\" content=\"index, follow, max-snippet:-1, max-image-preview:large, max-video-preview:-1\" \/>\n<link rel=\"canonical\" href=\"https:\/\/www.xn--bazarmarc-j4a.com\/wordpress\/index.php\/producto\/bikini\/\" \/>\n<meta property=\"og:locale\" content=\"es_ES\" \/>\n<meta property=\"og:type\" content=\"article\" \/>\n<meta property=\"og:title\" content=\"Bikini - Bazar Marc\u00e9 - Tu estilo, tu esencia\" \/>\n<meta property=\"og:description\" content=\"This is a simple product. Etiam sapien elit, consequat eget, tristique non, venenatis quis, ante. Mauris tincidunt sem sed arcu. Nunc auctor. Mauris dictum facilisis augue. Phasellus faucibus molestie nisl.\" \/>\n<meta property=\"og:url\" content=\"https:\/\/www.xn--bazarmarc-j4a.com\/wordpress\/index.php\/producto\/bikini\/\" \/>\n<meta property=\"og:site_name\" content=\"Bazar Marc\u00e9 - Tu estilo, tu esencia\" \/>\n<meta property=\"article:publisher\" content=\"https:\/\/www.facebook.com\/share\/16DsU4uxZJ\/yoast\" \/>\n<meta name=\"twitter:card\" content=\"summary_large_image\" \/>\n<meta name=\"twitter:label1\" content=\"Tiempo de lectura\" \/>\n\t<meta name=\"twitter:data1\" content=\"1 minuto\" \/>\n<script type=\"application\/ld+json\" class=\"yoast-schema-graph\">{\"@context\":\"https:\\\/\\\/schema.org\",\"@graph\":[{\"@type\":\"WebPage\",\"@id\":\"https:\\\/\\\/www.xn--bazarmarc-j4a.com\\\/wordpress\\\/index.php\\\/producto\\\/bikini\\\/\",\"url\":\"https:\\\/\\\/www.xn--bazarmarc-j4a.com\\\/wordpress\\\/index.php\\\/producto\\\/bikini\\\/\",\"name\":\"Bikini - Bazar Marc\u00e9 - Tu estilo, tu esencia\",\"isPartOf\":{\"@id\":\"https:\\\/\\\/www.xn--bazarmarc-j4a.com\\\/wordpress\\\/#website\"},\"primaryImageOfPage\":{\"@id\":\"https:\\\/\\\/www.xn--bazarmarc-j4a.com\\\/wordpress\\\/index.php\\\/producto\\\/bikini\\\/#primaryimage\"},\"image\":{\"@id\":\"https:\\\/\\\/www.xn--bazarmarc-j4a.com\\\/wordpress\\\/index.php\\\/producto\\\/bikini\\\/#primaryimage\"},\"thumbnailUrl\":\"\",\"datePublished\":\"2019-04-18T11:08:43+00:00\",\"breadcrumb\":{\"@id\":\"https:\\\/\\\/www.xn--bazarmarc-j4a.com\\\/wordpress\\\/index.php\\\/producto\\\/bikini\\\/#breadcrumb\"},\"inLanguage\":\"es\",\"potentialAction\":[{\"@type\":\"ReadAction\",\"target\":[\"https:\\\/\\\/www.xn--bazarmarc-j4a.com\\\/wordpress\\\/index.php\\\/producto\\\/bikini\\\/\"]}]},{\"@type\":\"ImageObject\",\"inLanguage\":\"es\",\"@id\":\"https:\\\/\\\/www.xn--bazarmarc-j4a.com\\\/wordpress\\\/index.php\\\/producto\\\/bikini\\\/#primaryimage\",\"url\":\"\",\"contentUrl\":\"\"},{\"@type\":\"BreadcrumbList\",\"@id\":\"https:\\\/\\\/www.xn--bazarmarc-j4a.com\\\/wordpress\\\/index.php\\\/producto\\\/bikini\\\/#breadcrumb\",\"itemListElement\":[{\"@type\":\"ListItem\",\"position\":1,\"name\":\"Portada\",\"item\":\"https:\\\/\\\/www.xn--bazarmarc-j4a.com\\\/wordpress\\\/\"},{\"@type\":\"ListItem\",\"position\":2,\"name\":\"Shop\",\"item\":\"https:\\\/\\\/www.xn--bazarmarc-j4a.com\\\/wordpress\\\/index.php\\\/shop\\\/\"},{\"@type\":\"ListItem\",\"position\":3,\"name\":\"Bikini\"}]},{\"@type\":\"WebSite\",\"@id\":\"https:\\\/\\\/www.xn--bazarmarc-j4a.com\\\/wordpress\\\/#website\",\"url\":\"https:\\\/\\\/www.xn--bazarmarc-j4a.com\\\/wordpress\\\/\",\"name\":\"Bazar Marc\u00e9 - Tu estilo, tu esencia\",\"description\":\"Bazar Marc\u00e9 es una tienda especializada en calzado artesanal femenino, vestidos, carteras, bolsos y accesorios, con presencia f\u00edsica y venta online\",\"publisher\":{\"@id\":\"https:\\\/\\\/www.xn--bazarmarc-j4a.com\\\/wordpress\\\/#organization\"},\"potentialAction\":[{\"@type\":\"SearchAction\",\"target\":{\"@type\":\"EntryPoint\",\"urlTemplate\":\"https:\\\/\\\/www.xn--bazarmarc-j4a.com\\\/wordpress\\\/?s={search_term_string}\"},\"query-input\":{\"@type\":\"PropertyValueSpecification\",\"valueRequired\":true,\"valueName\":\"search_term_string\"}}],\"inLanguage\":\"es\"},{\"@type\":\"Organization\",\"@id\":\"https:\\\/\\\/www.xn--bazarmarc-j4a.com\\\/wordpress\\\/#organization\",\"name\":\"Bazar Marc\u00e9 - Tu estilo, tu esencia\",\"url\":\"https:\\\/\\\/www.xn--bazarmarc-j4a.com\\\/wordpress\\\/\",\"logo\":{\"@type\":\"ImageObject\",\"inLanguage\":\"es\",\"@id\":\"https:\\\/\\\/www.xn--bazarmarc-j4a.com\\\/wordpress\\\/#\\\/schema\\\/logo\\\/image\\\/\",\"url\":\"\",\"contentUrl\":\"\",\"caption\":\"Bazar Marc\u00e9 - Tu estilo, tu esencia\"},\"image\":{\"@id\":\"https:\\\/\\\/www.xn--bazarmarc-j4a.com\\\/wordpress\\\/#\\\/schema\\\/logo\\\/image\\\/\"},\"sameAs\":[\"https:\\\/\\\/www.facebook.com\\\/share\\\/16DsU4uxZJ\\\/yoast\",\"https:\\\/\\\/chat.whatsapp.com\\\/BjksvxT0S5w6PkXt85Y5Bb\\\/yoast\"]}]}<\/script>\n<!-- \/ Yoast SEO plugin. -->","yoast_head_json":{"title":"Bikini - Bazar Marc\u00e9 - Tu estilo, tu esencia","robots":{"index":"index","follow":"follow","max-snippet":"max-snippet:-1","max-image-preview":"max-image-preview:large","max-video-preview":"max-video-preview:-1"},"canonical":"https:\/\/www.xn--bazarmarc-j4a.com\/wordpress\/index.php\/producto\/bikini\/","og_locale":"es_ES","og_type":"article","og_title":"Bikini - Bazar Marc\u00e9 - Tu estilo, tu esencia","og_description":"This is a simple product. Etiam sapien elit, consequat eget, tristique non, venenatis quis, ante. Mauris tincidunt sem sed arcu. Nunc auctor. Mauris dictum facilisis augue. Phasellus faucibus molestie nisl.","og_url":"https:\/\/www.xn--bazarmarc-j4a.com\/wordpress\/index.php\/producto\/bikini\/","og_site_name":"Bazar Marc\u00e9 - Tu estilo, tu esencia","article_publisher":"https:\/\/www.facebook.com\/share\/16DsU4uxZJ\/yoast","twitter_card":"summary_large_image","twitter_misc":{"Tiempo de lectura":"1 minuto"},"schema":{"@context":"https:\/\/schema.org","@graph":[{"@type":"WebPage","@id":"https:\/\/www.xn--bazarmarc-j4a.com\/wordpress\/index.php\/producto\/bikini\/","url":"https:\/\/www.xn--bazarmarc-j4a.com\/wordpress\/index.php\/producto\/bikini\/","name":"Bikini - Bazar Marc\u00e9 - Tu estilo, tu esencia","isPartOf":{"@id":"https:\/\/www.xn--bazarmarc-j4a.com\/wordpress\/#website"},"primaryImageOfPage":{"@id":"https:\/\/www.xn--bazarmarc-j4a.com\/wordpress\/index.php\/producto\/bikini\/#primaryimage"},"image":{"@id":"https:\/\/www.xn--bazarmarc-j4a.com\/wordpress\/index.php\/producto\/bikini\/#primaryimage"},"thumbnailUrl":"","datePublished":"2019-04-18T11:08:43+00:00","breadcrumb":{"@id":"https:\/\/www.xn--bazarmarc-j4a.com\/wordpress\/index.php\/producto\/bikini\/#breadcrumb"},"inLanguage":"es","potentialAction":[{"@type":"ReadAction","target":["https:\/\/www.xn--bazarmarc-j4a.com\/wordpress\/index.php\/producto\/bikini\/"]}]},{"@type":"ImageObject","inLanguage":"es","@id":"https:\/\/www.xn--bazarmarc-j4a.com\/wordpress\/index.php\/producto\/bikini\/#primaryimage","url":"","contentUrl":""},{"@type":"BreadcrumbList","@id":"https:\/\/www.xn--bazarmarc-j4a.com\/wordpress\/index.php\/producto\/bikini\/#breadcrumb","itemListElement":[{"@type":"ListItem","position":1,"name":"Portada","item":"https:\/\/www.xn--bazarmarc-j4a.com\/wordpress\/"},{"@type":"ListItem","position":2,"name":"Shop","item":"https:\/\/www.xn--bazarmarc-j4a.com\/wordpress\/index.php\/shop\/"},{"@type":"ListItem","position":3,"name":"Bikini"}]},{"@type":"WebSite","@id":"https:\/\/www.xn--bazarmarc-j4a.com\/wordpress\/#website","url":"https:\/\/www.xn--bazarmarc-j4a.com\/wordpress\/","name":"Bazar Marc\u00e9 - Tu estilo, tu esencia","description":"Bazar Marc\u00e9 es una tienda especializada en calzado artesanal femenino, vestidos, carteras, bolsos y accesorios, con presencia f\u00edsica y venta online","publisher":{"@id":"https:\/\/www.xn--bazarmarc-j4a.com\/wordpress\/#organization"},"potentialAction":[{"@type":"SearchAction","target":{"@type":"EntryPoint","urlTemplate":"https:\/\/www.xn--bazarmarc-j4a.com\/wordpress\/?s={search_term_string}"},"query-input":{"@type":"PropertyValueSpecification","valueRequired":true,"valueName":"search_term_string"}}],"inLanguage":"es"},{"@type":"Organization","@id":"https:\/\/www.xn--bazarmarc-j4a.com\/wordpress\/#organization","name":"Bazar Marc\u00e9 - Tu estilo, tu esencia","url":"https:\/\/www.xn--bazarmarc-j4a.com\/wordpress\/","logo":{"@type":"ImageObject","inLanguage":"es","@id":"https:\/\/www.xn--bazarmarc-j4a.com\/wordpress\/#\/schema\/logo\/image\/","url":"","contentUrl":"","caption":"Bazar Marc\u00e9 - Tu estilo, tu esencia"},"image":{"@id":"https:\/\/www.xn--bazarmarc-j4a.com\/wordpress\/#\/schema\/logo\/image\/"},"sameAs":["https:\/\/www.facebook.com\/share\/16DsU4uxZJ\/yoast","https:\/\/chat.whatsapp.com\/BjksvxT0S5w6PkXt85Y5Bb\/yoast"]}]}},"_links":{"self":[{"href":"https:\/\/www.xn--bazarmarc-j4a.com\/wordpress\/index.php\/wp-json\/wp\/v2\/product\/936","targetHints":{"allow":["GET"]}}],"collection":[{"href":"https:\/\/www.xn--bazarmarc-j4a.com\/wordpress\/index.php\/wp-json\/wp\/v2\/product"}],"about":[{"href":"https:\/\/www.xn--bazarmarc-j4a.com\/wordpress\/index.php\/wp-json\/wp\/v2\/types\/product"}],"replies":[{"embeddable":true,"href":"https:\/\/www.xn--bazarmarc-j4a.com\/wordpress\/index.php\/wp-json\/wp\/v2\/comments?post=936"}],"version-history":[{"count":0,"href":"https:\/\/www.xn--bazarmarc-j4a.com\/wordpress\/index.php\/wp-json\/wp\/v2\/product\/936\/revisions"}],"wp:featuredmedia":[{"embeddable":true,"href":"https:\/\/www.xn--bazarmarc-j4a.com\/wordpress\/index.php\/wp-json\/"}],"wp:attachment":[{"href":"https:\/\/www.xn--bazarmarc-j4a.com\/wordpress\/index.php\/wp-json\/wp\/v2\/media?parent=936"}],"wp:term":[{"taxonomy":"product_brand","embeddable":true,"href":"https:\/\/www.xn--bazarmarc-j4a.com\/wordpress\/index.php\/wp-json\/wp\/v2\/product_brand?post=936"},{"taxonomy":"product_cat","embeddable":true,"href":"https:\/\/www.xn--bazarmarc-j4a.com\/wordpress\/index.php\/wp-json\/wp\/v2\/product_cat?post=936"},{"taxonomy":"product_tag","embeddable":true,"href":"https:\/\/www.xn--bazarmarc-j4a.com\/wordpress\/index.php\/wp-json\/wp\/v2\/product_tag?post=936"}],"curies":[{"name":"wp","href":"https:\/\/api.w.org\/{rel}","templated":true}]}}